{"id":3464,"date":"2022-07-13T10:59:00","date_gmt":"2022-07-13T10:59:00","guid":{"rendered":"https:\/\/www.houseclar.com\/?page_id=3464"},"modified":"2022-07-13T23:14:53","modified_gmt":"2022-07-13T23:14:53","slug":"zeballos-3527-rosario","status":"publish","type":"page","link":"https:\/\/www.houseclar.com\/en\/zeballos-3527-rosario\/","title":{"rendered":"Zeballos 3527 &#8211; Rosario"},"content":{"rendered":"<div data-elementor-type=\"wp-page\" data-elementor-id=\"3464\" class=\"elementor elementor-3464\" data-elementor-settings=\"{&quot;ha_cmc_init_switcher&quot;:&quot;no&quot;}\">\n\t\t\t\t\t\t<section class=\"elementor-section elementor-top-section elementor-element elementor-element-6e1cbac elementor-section-boxed elementor-section-height-default elementor-section-height-default\" data-id=\"6e1cbac\" data-element_type=\"section\" data-e-type=\"section\" data-settings=\"{&quot;background_background&quot;:&quot;classic&quot;,&quot;_ha_eqh_enable&quot;:false}\">\n\t\t\t\t\t\t<div class=\"elementor-container elementor-column-gap-default\">\n\t\t\t\t\t<div class=\"elementor-column elementor-col-100 elementor-top-column elementor-element elementor-element-2727eda\" data-id=\"2727eda\" data-element_type=\"column\" data-e-type=\"column\">\n\t\t\t<div class=\"elementor-widget-wrap elementor-element-populated\">\n\t\t\t\t\t\t<div class=\"elementor-element elementor-element-531a543 elementor-invisible elementor-widget elementor-widget-heading\" data-id=\"531a543\" data-element_type=\"widget\" data-e-type=\"widget\" data-settings=\"{&quot;_animation&quot;:&quot;fadeInLeft&quot;}\" data-widget_type=\"heading.default\">\n\t\t\t\t<div class=\"elementor-widget-container\">\n\t\t\t\t\t<h2 class=\"elementor-heading-title elementor-size-default\">Zeballos 3527 <\/h2>\t\t\t\t<\/div>\n\t\t\t\t<\/div>\n\t\t\t\t<div class=\"elementor-element elementor-element-42f6c66 elementor-invisible elementor-widget elementor-widget-text-editor\" data-id=\"42f6c66\" data-element_type=\"widget\" data-e-type=\"widget\" data-settings=\"{&quot;_animation&quot;:&quot;fadeInLeft&quot;}\" data-widget_type=\"text-editor.default\">\n\t\t\t\t<div class=\"elementor-widget-container\">\n\t\t\t\t\t\t\t\t\t<p>\u00a0 Rosario \u2013 Santa Fe<\/p>\t\t\t\t\t\t\t\t<\/div>\n\t\t\t\t<\/div>\n\t\t\t\t\t<\/div>\n\t\t<\/div>\n\t\t\t\t\t<\/div>\n\t\t<\/section>\n\t\t\t\t<section class=\"elementor-section elementor-top-section elementor-element elementor-element-f4d5d94 elementor-section-boxed elementor-section-height-default elementor-section-height-default\" data-id=\"f4d5d94\" data-element_type=\"section\" data-e-type=\"section\" data-settings=\"{&quot;_ha_eqh_enable&quot;:false}\">\n\t\t\t\t\t\t<div class=\"elementor-container elementor-column-gap-default\">\n\t\t\t\t\t<div class=\"elementor-column elementor-col-50 elementor-top-column elementor-element elementor-element-71455f4\" data-id=\"71455f4\" data-element_type=\"column\" data-e-type=\"column\">\n\t\t\t<div class=\"elementor-widget-wrap elementor-element-populated\">\n\t\t\t\t\t\t<div class=\"elementor-element elementor-element-5a2ed71 elementor-invisible elementor-widget elementor-widget-heading\" data-id=\"5a2ed71\" data-element_type=\"widget\" data-e-type=\"widget\" data-settings=\"{&quot;_animation&quot;:&quot;fadeIn&quot;}\" data-widget_type=\"heading.default\">\n\t\t\t\t<div class=\"elementor-widget-container\">\n\t\t\t\t\t<h2 class=\"elementor-heading-title elementor-size-default\">Type of investment<\/h2>\t\t\t\t<\/div>\n\t\t\t\t<\/div>\n\t\t\t\t<div class=\"elementor-element elementor-element-a79d85b elementor-widget-divider--view-line elementor-invisible elementor-widget elementor-widget-divider\" data-id=\"a79d85b\" data-element_type=\"widget\" data-e-type=\"widget\" data-settings=\"{&quot;_animation&quot;:&quot;fadeIn&quot;}\" data-widget_type=\"divider.default\">\n\t\t\t\t<div class=\"elementor-widget-container\">\n\t\t\t\t\t\t\t<div class=\"elementor-divider\">\n\t\t\t<span class=\"elementor-divider-separator\">\n\t\t\t\t\t\t<\/span>\n\t\t<\/div>\n\t\t\t\t\t\t<\/div>\n\t\t\t\t<\/div>\n\t\t\t\t<div class=\"elementor-element elementor-element-8131f6f elementor-invisible elementor-widget elementor-widget-text-editor\" data-id=\"8131f6f\" data-element_type=\"widget\" data-e-type=\"widget\" data-settings=\"{&quot;_animation&quot;:&quot;fadeIn&quot;}\" data-widget_type=\"text-editor.default\">\n\t\t\t\t<div class=\"elementor-widget-container\">\n\t\t\t\t\t\t\t\t\t<p>Pre-construction purchase of apartments: we bought them when the building was not yet built, we made an initial payment and we paid the balance in monthly installments while it was being built, and when it was finished we sold it and bought another one in the same way and so on.<\/p><p>We bought them in installments and sold them for cash in one payment.<\/p><p>We started with 10 friends and relatives, each one with a percentage, the expenses and the profit were always divided among all of us according to the percentage of participation that we had.<\/p><p>We bought 4 apartments in total: we ended up being 7 investors because some were withdrawing their profit as a project was completed.<\/p><p>We were able to fulfill the main objective, which was to buy increasingly larger apartments and therefore of greater value.<\/p><p>The first apartment we bought was a small studio apartment in a neighborhood, then a slightly larger studio apartment 2 blocks from the river in a beautiful area of Rosario, the third apartment was a small 1-bedroom apartment, and the fourth and last one was a large 1 bedroom apartment in a growing city neighborhood.<\/p><p>When we sold the latter, we began to invest in land and no longer in apartments in pre-construction purchase.<\/p><p>We went from 26.50 m2 to 48.60 m2 in 8 and a half years, earning an average of 393% per year in pesos.<\/p>\t\t\t\t\t\t\t\t<\/div>\n\t\t\t\t<\/div>\n\t\t\t\t\t<\/div>\n\t\t<\/div>\n\t\t\t\t<div class=\"elementor-column elementor-col-50 elementor-top-column elementor-element elementor-element-eeccac2\" data-id=\"eeccac2\" data-element_type=\"column\" data-e-type=\"column\">\n\t\t\t<div class=\"elementor-widget-wrap elementor-element-populated\">\n\t\t\t\t\t\t<div class=\"elementor-element elementor-element-60996d4 elementor-widget elementor-widget-image\" data-id=\"60996d4\" data-element_type=\"widget\" data-e-type=\"widget\" data-widget_type=\"image.default\">\n\t\t\t\t<div class=\"elementor-widget-container\">\n\t\t\t\t\t\t\t\t\t\t\t\t\t\t\t<img fetchpriority=\"high\" decoding=\"async\" width=\"400\" height=\"700\" src=\"https:\/\/www.houseclar.com\/wp-content\/uploads\/2022\/07\/render.jpg\" class=\"attachment-full size-full wp-image-3471\" alt=\"\" srcset=\"https:\/\/www.houseclar.com\/wp-content\/uploads\/2022\/07\/render.jpg 400w, https:\/\/www.houseclar.com\/wp-content\/uploads\/2022\/07\/render-171x300.jpg 171w, https:\/\/www.houseclar.com\/wp-content\/uploads\/2022\/07\/render-7x12.jpg 7w\" sizes=\"(max-width: 400px) 100vw, 400px\" \/>\t\t\t\t\t\t\t\t\t\t\t\t\t\t\t<\/div>\n\t\t\t\t<\/div>\n\t\t\t\t<div class=\"elementor-element elementor-element-8586128 elementor-invisible elementor-widget elementor-widget-heading\" data-id=\"8586128\" data-element_type=\"widget\" data-e-type=\"widget\" data-settings=\"{&quot;_animation&quot;:&quot;fadeIn&quot;}\" data-widget_type=\"heading.default\">\n\t\t\t\t<div class=\"elementor-widget-container\">\n\t\t\t\t\t<h2 class=\"elementor-heading-title elementor-size-default\">Year of execution<\/h2>\t\t\t\t<\/div>\n\t\t\t\t<\/div>\n\t\t\t\t<div class=\"elementor-element elementor-element-17c4168 elementor-widget-divider--view-line elementor-invisible elementor-widget elementor-widget-divider\" data-id=\"17c4168\" data-element_type=\"widget\" data-e-type=\"widget\" data-settings=\"{&quot;_animation&quot;:&quot;fadeIn&quot;}\" data-widget_type=\"divider.default\">\n\t\t\t\t<div class=\"elementor-widget-container\">\n\t\t\t\t\t\t\t<div class=\"elementor-divider\">\n\t\t\t<span class=\"elementor-divider-separator\">\n\t\t\t\t\t\t<\/span>\n\t\t<\/div>\n\t\t\t\t\t\t<\/div>\n\t\t\t\t<\/div>\n\t\t\t\t<div class=\"elementor-element elementor-element-2e061bb elementor-widget elementor-widget-text-editor\" data-id=\"2e061bb\" data-element_type=\"widget\" data-e-type=\"widget\" data-widget_type=\"text-editor.default\">\n\t\t\t\t<div class=\"elementor-widget-container\">\n\t\t\t\t\t\t\t\t\t<p>2010 - 2012 Zeballos 3527 3B \u2013 studio<br \/><br \/><\/p>\t\t\t\t\t\t\t\t<\/div>\n\t\t\t\t<\/div>\n\t\t\t\t\t<\/div>\n\t\t<\/div>\n\t\t\t\t\t<\/div>\n\t\t<\/section>\n\t\t\t\t<section class=\"elementor-section elementor-top-section elementor-element elementor-element-d21365a elementor-section-boxed elementor-section-height-default elementor-section-height-default\" data-id=\"d21365a\" data-element_type=\"section\" data-e-type=\"section\" data-settings=\"{&quot;_ha_eqh_enable&quot;:false}\">\n\t\t\t\t\t\t<div class=\"elementor-container elementor-column-gap-default\">\n\t\t\t\t\t<div class=\"elementor-column elementor-col-100 elementor-top-column elementor-element elementor-element-7da6025\" data-id=\"7da6025\" data-element_type=\"column\" data-e-type=\"column\">\n\t\t\t<div class=\"elementor-widget-wrap elementor-element-populated\">\n\t\t\t\t\t\t<div class=\"elementor-element elementor-element-c238877 elementor-widget elementor-widget-heading\" data-id=\"c238877\" data-element_type=\"widget\" data-e-type=\"widget\" data-widget_type=\"heading.default\">\n\t\t\t\t<div class=\"elementor-widget-container\">\n\t\t\t\t\t<h2 class=\"elementor-heading-title elementor-size-default\">Plan <\/h2>\t\t\t\t<\/div>\n\t\t\t\t<\/div>\n\t\t\t\t\t<\/div>\n\t\t<\/div>\n\t\t\t\t\t<\/div>\n\t\t<\/section>\n\t\t\t\t<section class=\"elementor-section elementor-top-section elementor-element elementor-element-f6a41bb elementor-section-boxed elementor-section-height-default elementor-section-height-default\" data-id=\"f6a41bb\" data-element_type=\"section\" data-e-type=\"section\" data-settings=\"{&quot;background_background&quot;:&quot;classic&quot;,&quot;_ha_eqh_enable&quot;:false}\">\n\t\t\t\t\t\t<div class=\"elementor-container elementor-column-gap-default\">\n\t\t\t\t\t<div class=\"elementor-column elementor-col-50 elementor-top-column elementor-element elementor-element-a9c85bf\" data-id=\"a9c85bf\" data-element_type=\"column\" data-e-type=\"column\">\n\t\t\t<div class=\"elementor-widget-wrap elementor-element-populated\">\n\t\t\t\t\t\t<div class=\"elementor-element elementor-element-0f48ce4 elementor-widget elementor-widget-image\" data-id=\"0f48ce4\" data-element_type=\"widget\" data-e-type=\"widget\" data-widget_type=\"image.default\">\n\t\t\t\t<div class=\"elementor-widget-container\">\n\t\t\t\t\t\t\t\t\t\t\t\t\t\t\t\t<a href=\"http:\/\/www.houseclar.com\/wp-content\/uploads\/2022\/07\/plano-planta-tipo.jpg\" data-elementor-open-lightbox=\"yes\" data-elementor-lightbox-title=\"plano planta tipo\" data-e-action-hash=\"#elementor-action%3Aaction%3Dlightbox%26settings%3DeyJpZCI6MzQ5MiwidXJsIjoiaHR0cHM6XC9cL3d3dy5ob3VzZWNsYXIuY29tXC93cC1jb250ZW50XC91cGxvYWRzXC8yMDIyXC8wN1wvcGxhbm8tcGxhbnRhLXRpcG8uanBnIn0%3D\">\n\t\t\t\t\t\t\t<img decoding=\"async\" width=\"799\" height=\"1024\" src=\"https:\/\/www.houseclar.com\/wp-content\/uploads\/2022\/07\/plano-planta-tipo-799x1024.jpg\" class=\"attachment-large size-large wp-image-3492\" alt=\"\" srcset=\"https:\/\/www.houseclar.com\/wp-content\/uploads\/2022\/07\/plano-planta-tipo-799x1024.jpg 799w, https:\/\/www.houseclar.com\/wp-content\/uploads\/2022\/07\/plano-planta-tipo-234x300.jpg 234w, https:\/\/www.houseclar.com\/wp-content\/uploads\/2022\/07\/plano-planta-tipo-768x984.jpg 768w, https:\/\/www.houseclar.com\/wp-content\/uploads\/2022\/07\/plano-planta-tipo-1199x1536.jpg 1199w, https:\/\/www.houseclar.com\/wp-content\/uploads\/2022\/07\/plano-planta-tipo-1598x2048.jpg 1598w, https:\/\/www.houseclar.com\/wp-content\/uploads\/2022\/07\/plano-planta-tipo-9x12.jpg 9w, https:\/\/www.houseclar.com\/wp-content\/uploads\/2022\/07\/plano-planta-tipo.jpg 1855w\" sizes=\"(max-width: 799px) 100vw, 799px\" \/>\t\t\t\t\t\t\t\t<\/a>\n\t\t\t\t\t\t\t\t\t\t\t\t\t\t\t<\/div>\n\t\t\t\t<\/div>\n\t\t\t\t\t<\/div>\n\t\t<\/div>\n\t\t\t\t<div class=\"elementor-column elementor-col-50 elementor-top-column elementor-element elementor-element-54ce5c7\" data-id=\"54ce5c7\" data-element_type=\"column\" data-e-type=\"column\">\n\t\t\t<div class=\"elementor-widget-wrap elementor-element-populated\">\n\t\t\t\t\t\t<div class=\"elementor-element elementor-element-a17890b elementor-widget elementor-widget-image\" data-id=\"a17890b\" data-element_type=\"widget\" data-e-type=\"widget\" data-widget_type=\"image.default\">\n\t\t\t\t<div class=\"elementor-widget-container\">\n\t\t\t\t\t\t\t\t\t\t\t\t\t\t\t\t<a href=\"http:\/\/www.houseclar.com\/wp-content\/uploads\/2022\/07\/plano-C.jpg\" data-elementor-open-lightbox=\"yes\" data-elementor-lightbox-title=\"plano C\" data-e-action-hash=\"#elementor-action%3Aaction%3Dlightbox%26settings%3DeyJpZCI6MzQ5MSwidXJsIjoiaHR0cHM6XC9cL3d3dy5ob3VzZWNsYXIuY29tXC93cC1jb250ZW50XC91cGxvYWRzXC8yMDIyXC8wN1wvcGxhbm8tQy5qcGcifQ%3D%3D\">\n\t\t\t\t\t\t\t<img decoding=\"async\" width=\"441\" height=\"952\" src=\"https:\/\/www.houseclar.com\/wp-content\/uploads\/2022\/07\/plano-C.jpg\" class=\"attachment-large size-large wp-image-3491\" alt=\"\" srcset=\"https:\/\/www.houseclar.com\/wp-content\/uploads\/2022\/07\/plano-C.jpg 441w, https:\/\/www.houseclar.com\/wp-content\/uploads\/2022\/07\/plano-C-139x300.jpg 139w, https:\/\/www.houseclar.com\/wp-content\/uploads\/2022\/07\/plano-C-6x12.jpg 6w\" sizes=\"(max-width: 441px) 100vw, 441px\" \/>\t\t\t\t\t\t\t\t<\/a>\n\t\t\t\t\t\t\t\t\t\t\t\t\t\t\t<\/div>\n\t\t\t\t<\/div>\n\t\t\t\t\t<\/div>\n\t\t<\/div>\n\t\t\t\t\t<\/div>\n\t\t<\/section>\n\t\t\t\t<section class=\"elementor-section elementor-top-section elementor-element elementor-element-fc77b8d elementor-section-boxed elementor-section-height-default elementor-section-height-default\" data-id=\"fc77b8d\" data-element_type=\"section\" data-e-type=\"section\" data-settings=\"{&quot;background_background&quot;:&quot;classic&quot;,&quot;_ha_eqh_enable&quot;:false}\">\n\t\t\t\t\t\t<div class=\"elementor-container elementor-column-gap-default\">\n\t\t\t\t\t<div class=\"elementor-column elementor-col-100 elementor-top-column elementor-element elementor-element-73d763d\" data-id=\"73d763d\" data-element_type=\"column\" data-e-type=\"column\">\n\t\t\t<div class=\"elementor-widget-wrap elementor-element-populated\">\n\t\t\t\t\t\t<div class=\"elementor-element elementor-element-259e38f elementor-widget elementor-widget-heading\" data-id=\"259e38f\" data-element_type=\"widget\" data-e-type=\"widget\" data-settings=\"{&quot;_animation&quot;:&quot;none&quot;}\" data-widget_type=\"heading.default\">\n\t\t\t\t<div class=\"elementor-widget-container\">\n\t\t\t\t\t<h2 class=\"elementor-heading-title elementor-size-default\">PHOTO GALLERY<\/h2>\t\t\t\t<\/div>\n\t\t\t\t<\/div>\n\t\t\t\t\t<\/div>\n\t\t<\/div>\n\t\t\t\t\t<\/div>\n\t\t<\/section>\n\t\t\t\t<section class=\"elementor-section elementor-top-section elementor-element elementor-element-7f25226 elementor-section-boxed elementor-section-height-default elementor-section-height-default\" data-id=\"7f25226\" data-element_type=\"section\" data-e-type=\"section\" data-settings=\"{&quot;_ha_eqh_enable&quot;:false}\">\n\t\t\t\t\t\t<div class=\"elementor-container elementor-column-gap-default\">\n\t\t\t\t\t<div class=\"elementor-column elementor-col-100 elementor-top-column elementor-element elementor-element-661ea48\" data-id=\"661ea48\" data-element_type=\"column\" data-e-type=\"column\">\n\t\t\t<div class=\"elementor-widget-wrap elementor-element-populated\">\n\t\t\t\t\t\t<div class=\"elementor-element elementor-element-06c1383 gallery-spacing-custom elementor-widget elementor-widget-image-gallery\" data-id=\"06c1383\" data-element_type=\"widget\" data-e-type=\"widget\" data-widget_type=\"image-gallery.default\">\n\t\t\t\t<div class=\"elementor-widget-container\">\n\t\t\t\t\t\t\t<div class=\"elementor-image-gallery\">\n\t\t\t<div id='gallery-1' class='gallery galleryid-3464 gallery-columns-3 gallery-size-full'><figure class='gallery-item'>\n\t\t\t<div class='gallery-icon landscape'>\n\t\t\t\t<a data-elementor-open-lightbox=\"yes\" data-elementor-lightbox-slideshow=\"06c1383\" data-elementor-lightbox-title=\"03\" data-e-action-hash=\"#elementor-action%3Aaction%3Dlightbox%26settings%3DeyJpZCI6MzQ4OSwidXJsIjoiaHR0cHM6XC9cL3d3dy5ob3VzZWNsYXIuY29tXC93cC1jb250ZW50XC91cGxvYWRzXC8yMDIyXC8wN1wvMDMuanBnIiwic2xpZGVzaG93IjoiMDZjMTM4MyJ9\" href='https:\/\/www.houseclar.com\/wp-content\/uploads\/2022\/07\/03.jpg'><img loading=\"lazy\" decoding=\"async\" width=\"2048\" height=\"1536\" src=\"https:\/\/www.houseclar.com\/wp-content\/uploads\/2022\/07\/03.jpg\" class=\"attachment-full size-full\" alt=\"\" srcset=\"https:\/\/www.houseclar.com\/wp-content\/uploads\/2022\/07\/03.jpg 2048w, https:\/\/www.houseclar.com\/wp-content\/uploads\/2022\/07\/03-300x225.jpg 300w, https:\/\/www.houseclar.com\/wp-content\/uploads\/2022\/07\/03-1024x768.jpg 1024w, https:\/\/www.houseclar.com\/wp-content\/uploads\/2022\/07\/03-768x576.jpg 768w, https:\/\/www.houseclar.com\/wp-content\/uploads\/2022\/07\/03-1536x1152.jpg 1536w, https:\/\/www.houseclar.com\/wp-content\/uploads\/2022\/07\/03-16x12.jpg 16w\" sizes=\"(max-width: 2048px) 100vw, 2048px\" \/><\/a>\n\t\t\t<\/div><\/figure><figure class='gallery-item'>\n\t\t\t<div class='gallery-icon landscape'>\n\t\t\t\t<a data-elementor-open-lightbox=\"yes\" data-elementor-lightbox-slideshow=\"06c1383\" data-elementor-lightbox-title=\"02\" data-e-action-hash=\"#elementor-action%3Aaction%3Dlightbox%26settings%3DeyJpZCI6MzQ4OCwidXJsIjoiaHR0cHM6XC9cL3d3dy5ob3VzZWNsYXIuY29tXC93cC1jb250ZW50XC91cGxvYWRzXC8yMDIyXC8wN1wvMDIuanBnIiwic2xpZGVzaG93IjoiMDZjMTM4MyJ9\" href='https:\/\/www.houseclar.com\/wp-content\/uploads\/2022\/07\/02.jpg'><img loading=\"lazy\" decoding=\"async\" width=\"2048\" height=\"1536\" src=\"https:\/\/www.houseclar.com\/wp-content\/uploads\/2022\/07\/02.jpg\" class=\"attachment-full size-full\" alt=\"\" srcset=\"https:\/\/www.houseclar.com\/wp-content\/uploads\/2022\/07\/02.jpg 2048w, https:\/\/www.houseclar.com\/wp-content\/uploads\/2022\/07\/02-300x225.jpg 300w, https:\/\/www.houseclar.com\/wp-content\/uploads\/2022\/07\/02-1024x768.jpg 1024w, https:\/\/www.houseclar.com\/wp-content\/uploads\/2022\/07\/02-768x576.jpg 768w, https:\/\/www.houseclar.com\/wp-content\/uploads\/2022\/07\/02-1536x1152.jpg 1536w, https:\/\/www.houseclar.com\/wp-content\/uploads\/2022\/07\/02-16x12.jpg 16w\" sizes=\"(max-width: 2048px) 100vw, 2048px\" \/><\/a>\n\t\t\t<\/div><\/figure><figure class='gallery-item'>\n\t\t\t<div class='gallery-icon landscape'>\n\t\t\t\t<a data-elementor-open-lightbox=\"yes\" data-elementor-lightbox-slideshow=\"06c1383\" data-elementor-lightbox-title=\"01\" data-e-action-hash=\"#elementor-action%3Aaction%3Dlightbox%26settings%3DeyJpZCI6MzQ4NywidXJsIjoiaHR0cHM6XC9cL3d3dy5ob3VzZWNsYXIuY29tXC93cC1jb250ZW50XC91cGxvYWRzXC8yMDIyXC8wN1wvMDEuanBnIiwic2xpZGVzaG93IjoiMDZjMTM4MyJ9\" href='https:\/\/www.houseclar.com\/wp-content\/uploads\/2022\/07\/01.jpg'><img loading=\"lazy\" decoding=\"async\" width=\"800\" height=\"600\" src=\"https:\/\/www.houseclar.com\/wp-content\/uploads\/2022\/07\/01.jpg\" class=\"attachment-full size-full\" alt=\"\" srcset=\"https:\/\/www.houseclar.com\/wp-content\/uploads\/2022\/07\/01.jpg 800w, https:\/\/www.houseclar.com\/wp-content\/uploads\/2022\/07\/01-300x225.jpg 300w, https:\/\/www.houseclar.com\/wp-content\/uploads\/2022\/07\/01-768x576.jpg 768w, https:\/\/www.houseclar.com\/wp-content\/uploads\/2022\/07\/01-16x12.jpg 16w\" sizes=\"(max-width: 800px) 100vw, 800px\" \/><\/a>\n\t\t\t<\/div><\/figure>\n\t\t<\/div>\n\t\t<\/div>\n\t\t\t\t\t\t<\/div>\n\t\t\t\t<\/div>\n\t\t\t\t\t<\/div>\n\t\t<\/div>\n\t\t\t\t\t<\/div>\n\t\t<\/section>\n\t\t\t\t<\/div>","protected":false},"excerpt":{"rendered":"<p>Zeballos 3527 \u00a0 Rosario &#8211; Santa Fe Tipo de inversi\u00f3n Compra de departamentos en pozo: lo compr\u00e1bamos cuando a\u00fan no estaba construido el edificio, hac\u00edamos una entrega inicial y el saldo lo pag\u00e1bamos en cuotas mensuales mientras se iba construyendo y cuando estaba terminado lo vend\u00edamos y compr\u00e1bamos de la misma manera otro y as\u00ed [&hellip;]<\/p>\n","protected":false},"author":1,"featured_media":0,"parent":0,"menu_order":0,"comment_status":"closed","ping_status":"closed","template":"","meta":{"ocean_post_layout":"full-screen","ocean_both_sidebars_style":"","ocean_both_sidebars_content_width":0,"ocean_both_sidebars_sidebars_width":0,"ocean_sidebar":"","ocean_second_sidebar":"","ocean_disable_margins":"on","ocean_add_body_class":"","ocean_shortcode_before_top_bar":"","ocean_shortcode_after_top_bar":"","ocean_shortcode_before_header":"","ocean_shortcode_after_header":"","ocean_has_shortcode":"","ocean_shortcode_after_title":"","ocean_shortcode_before_footer_widgets":"","ocean_shortcode_after_footer_widgets":"","ocean_shortcode_before_footer_bottom":"","ocean_shortcode_after_footer_bottom":"","ocean_display_top_bar":"default","ocean_display_header":"default","ocean_header_style":"","ocean_center_header_left_menu":"","ocean_custom_header_template":"","ocean_custom_logo":0,"ocean_custom_retina_logo":0,"ocean_custom_logo_max_width":0,"ocean_custom_logo_tablet_max_width":0,"ocean_custom_logo_mobile_max_width":0,"ocean_custom_logo_max_height":0,"ocean_custom_logo_tablet_max_height":0,"ocean_custom_logo_mobile_max_height":0,"ocean_header_custom_menu":"","ocean_menu_typo_font_family":"","ocean_menu_typo_font_subset":"","ocean_menu_typo_font_size":0,"ocean_menu_typo_font_size_tablet":0,"ocean_menu_typo_font_size_mobile":0,"ocean_menu_typo_font_size_unit":"px","ocean_menu_typo_font_weight":"","ocean_menu_typo_font_weight_tablet":"","ocean_menu_typo_font_weight_mobile":"","ocean_menu_typo_transform":"","ocean_menu_typo_transform_tablet":"","ocean_menu_typo_transform_mobile":"","ocean_menu_typo_line_height":0,"ocean_menu_typo_line_height_tablet":0,"ocean_menu_typo_line_height_mobile":0,"ocean_menu_typo_line_height_unit":"","ocean_menu_typo_spacing":0,"ocean_menu_typo_spacing_tablet":0,"ocean_menu_typo_spacing_mobile":0,"ocean_menu_typo_spacing_unit":"","ocean_menu_link_color":"","ocean_menu_link_color_hover":"","ocean_menu_link_color_active":"","ocean_menu_link_background":"","ocean_menu_link_hover_background":"","ocean_menu_link_active_background":"","ocean_menu_social_links_bg":"","ocean_menu_social_hover_links_bg":"","ocean_menu_social_links_color":"","ocean_menu_social_hover_links_color":"","ocean_disable_title":"on","ocean_disable_heading":"default","ocean_post_title":"","ocean_post_subheading":"","ocean_post_title_style":"","ocean_post_title_background_color":"","ocean_post_title_background":0,"ocean_post_title_bg_image_position":"","ocean_post_title_bg_image_attachment":"","ocean_post_title_bg_image_repeat":"","ocean_post_title_bg_image_size":"","ocean_post_title_height":0,"ocean_post_title_bg_overlay":0.5,"ocean_post_title_bg_overlay_color":"","ocean_disable_breadcrumbs":"default","ocean_breadcrumbs_color":"","ocean_breadcrumbs_separator_color":"","ocean_breadcrumbs_links_color":"","ocean_breadcrumbs_links_hover_color":"","ocean_display_footer_widgets":"default","ocean_display_footer_bottom":"default","ocean_custom_footer_template":"","_joinchat":[],"footnotes":""},"class_list":["post-3464","page","type-page","status-publish","hentry","entry"],"_links":{"self":[{"href":"https:\/\/www.houseclar.com\/en\/wp-json\/wp\/v2\/pages\/3464","targetHints":{"allow":["GET"]}}],"collection":[{"href":"https:\/\/www.houseclar.com\/en\/wp-json\/wp\/v2\/pages"}],"about":[{"href":"https:\/\/www.houseclar.com\/en\/wp-json\/wp\/v2\/types\/page"}],"author":[{"embeddable":true,"href":"https:\/\/www.houseclar.com\/en\/wp-json\/wp\/v2\/users\/1"}],"replies":[{"embeddable":true,"href":"https:\/\/www.houseclar.com\/en\/wp-json\/wp\/v2\/comments?post=3464"}],"version-history":[{"count":0,"href":"https:\/\/www.houseclar.com\/en\/wp-json\/wp\/v2\/pages\/3464\/revisions"}],"wp:attachment":[{"href":"https:\/\/www.houseclar.com\/en\/wp-json\/wp\/v2\/media?parent=3464"}],"curies":[{"name":"wp","href":"https:\/\/api.w.org\/{rel}","templated":true}]}}